{"id":18,"date":"2018-04-05T00:40:09","date_gmt":"2018-04-04T22:40:09","guid":{"rendered":"http:\/\/movecenter.younggo.de\/?page_id=18"},"modified":"2020-02-18T19:41:27","modified_gmt":"2020-02-18T18:41:27","slug":"datenschutz","status":"publish","type":"page","link":"https:\/\/move-center.younggo.de\/schwabach\/datenschutz\/","title":{"rendered":"Datenschutz"},"content":{"rendered":"<div id=\"cs-content\" class=\"cs-content\" >\n<div class=\"e18-1 x-section\" >\n      \n<div class=\"e18-2 x-container max width\" >\n    \n<div class=\"e18-3 x-column x-sm x-1-1\" >\n    \n<div class=\"e18-4 x-text x-text-headline\" >\n  <div class=\"x-text-content\"><div class=\"x-text-content-text\"><h1 class=\"x-text-content-text-primary\">Datenschutzerkl\u00e4rung<\/h1><\/div><\/div><\/div>\n\n<div class=\"e18-5 x-text\" >\n  Wir freuen uns \u00fcber Ihr Interesse an unserem Online-Shop. Der Schutz Ihrer Privatsph\u00e4re ist f\u00fcr uns sehr wichtig.\nNachstehend informieren wir Sie ausf\u00fchrlich \u00fcber den Umgang mit Ihren Daten.<\/div>\n\n<hr class=\"e18-6 x-line\" >\n<div class=\"e18-7 x-text x-text-headline\" >\n  <div class=\"x-text-content\"><div class=\"x-text-content-text\"><h2 class=\"x-text-content-text-primary\">Geltungsbereich<\/h2><\/div><\/div><\/div>\n\n<hr class=\"e18-8 x-line\" >\n<div class=\"e18-9 x-text\" >\n  <p>Diese Datenschutzerkl\u00e4rung kl\u00e4rt Nutzer \u00fcber die Art, den Umfang und Zwecke der Erhebung und Verwendung personenbezogener Daten durch den verantwortlichen Anbieter auf dieser Website (im folgenden \u201cAngebot\u201d) auf.<\/p><p>Die rechtlichen Grundlagen des Datenschutzes finden sich im Bundesdatenschutzgesetz (BDSG) und dem Telemediengesetz (TMG).<\/p><\/div>\n\n<hr class=\"e18-10 x-line\" >\n<div class=\"e18-11 x-text x-text-headline\" >\n  <div class=\"x-text-content\"><div class=\"x-text-content-text\"><h2 class=\"x-text-content-text-primary\">Umgang mit personenbezogenen Daten<\/h2><\/div><\/div><\/div>\n\n<div class=\"e18-12 x-text\" >\n  <p>Personenbezogene Daten sind Informationen, mit deren Hilfe eine Person bestimmbar ist, also Angaben, die zur\u00fcck zu einer Person verfolgt werden k\u00f6nnen. Dazu geh\u00f6ren der Name, die Emailadresse oder die Telefonnummer. Aber auch Daten \u00fcber Vorlieben, Hobbies, Mitgliedschaften oder welche Webseiten von jemandem angesehen wurden z\u00e4hlen zu personenbezogenen Daten.<\/p><p>Personenbezogene Daten werden von dem Anbieter nur dann erhoben, genutzt und weiter gegeben, wenn dies gesetzlich erlaubt ist oder die Nutzer in die Datenerhebung einwilligen.<\/p><\/div>\n\n<hr class=\"e18-13 x-line\" >\n<div class=\"e18-14 x-text x-text-headline\" >\n  <div class=\"x-text-content\"><div class=\"x-text-content-text\"><h2 class=\"x-text-content-text-primary\">1. Zugriffsdaten und Hosting<\/h2><\/div><\/div><\/div>\n\n<div class=\"e18-15 x-text\" >\n  Sie k\u00f6nnen unsere Webseiten besuchen, ohne Angaben zu Ihrer Person zu machen. Bei jedem Aufruf einer Webseite\nspeichert der Webserver lediglich automatisch ein sogenanntes Server-Logfile, das z.B. den Namen der\nangeforderten Datei, Ihre IP-Adresse, Datum und Uhrzeit des Abrufs, \u00fcbertragene Datenmenge und den anfragenden\nProvider (Zugriffsdaten) enth\u00e4lt und den Abruf dokumentiert.\nDiese Zugriffsdaten werden ausschlie\u00dflich zum Zwecke der Sicherstellung eines st\u00f6rungsfreien Betriebs der Seite\nsowie der Verbesserung unseres Angebots ausgewertet. Dies dient gem\u00e4\u00df Art. 6 Abs. 1 S. 1 lit. f DSGVO der\nWahrung unserer im Rahmen einer Interessensabw\u00e4gung \u00fcberwiegenden berechtigten Interessen an einer korrekten\nDarstellung unseres Angebots. Alle Zugriffsdaten werden sp\u00e4testens sieben Tage nach Ende Ihres Seitenbesuchs\ngel\u00f6scht.<\/div>\n\n<hr class=\"e18-16 x-line\" >\n<div class=\"e18-17 x-text x-text-headline\" >\n  <div class=\"x-text-content\"><div class=\"x-text-content-text\"><h3 class=\"x-text-content-text-primary\">Hostingdienstleistungen durch einen Drittanbieter<\/h3><\/div><\/div><\/div>\n\n<div class=\"e18-18 x-text\" >\n  Im Rahmen einer Verarbeitung in unserem Auftrag erbringt ein Drittanbieter f\u00fcr uns die Dienste zum Hosting und zur\nDarstellung der Webseite. Dies dient der Wahrung unserer im Rahmen einer Interessensabw\u00e4gung \u00fcberwiegenden\nberechtigten Interessen an einer korrekten Darstellung unseres Angebots. Alle Daten, die im Rahmen der Nutzung\ndieser Webseite oder in daf\u00fcr vorgesehenen Formularen im Onlineshop wie folgend beschrieben erhoben werden,\nwerden auf seinen Servern verarbeitet. Eine Verarbeitung auf anderen Servern findet nur in dem hier erl\u00e4uterten\nRahmen statt.\nDieser Dienstleister sitzt innerhalb eines Landes der Europ\u00e4ischen Union oder des Europ\u00e4ischen Wirtschaftsraums.<\/div>\n\n<hr class=\"e18-19 x-line\" >\n<div class=\"e18-20 x-text x-text-headline\" >\n  <div class=\"x-text-content\"><div class=\"x-text-content-text\"><h3 class=\"x-text-content-text-primary\">Zugriffsdaten\/ Server-Logfiles<\/h3><\/div><\/div><\/div>\n\n<hr class=\"e18-21 x-line\" >\n<div class=\"e18-22 x-text\" >\n  <p>Der Anbieter (beziehungsweise sein Webspace-Provider) erhebt Daten \u00fcber jeden Zugriff auf das Angebot (so genannte Serverlogfiles). Zu den Zugriffsdaten geh\u00f6ren:<\/p><p>Name der abgerufenen Webseite, Datei, Datum und Uhrzeit des Abrufs, \u00fcbertragene Datenmenge, Meldung \u00fcber erfolgreichen Abruf, Browsertyp nebst Version, das Betriebssystem des Nutzers, Referrer URL (die zuvor besuchte Seite), IP-Adresse und der anfragende Provider.<\/p><p>Der Anbieter verwendet die Protokolldaten nur f\u00fcr statistische Auswertungen zum Zweck des Betriebs, der Sicherheit und der Optimierung des Angebotes. Der Anbieterbeh\u00e4lt sich jedoch vor, die Protokolldaten nachtr\u00e4glich zu \u00fcberpr\u00fcfen, wenn aufgrund konkreter Anhaltspunkte der berechtigte Verdacht einer rechtswidrigen Nutzung besteht.<\/p><\/div>\n\n<hr class=\"e18-23 x-line\" >\n<div class=\"e18-24 x-text x-text-headline\" >\n  <div class=\"x-text-content\"><div class=\"x-text-content-text\"><h2 class=\"x-text-content-text-primary\">2. Datenerhebung und -verwendung zur Vertragsabwicklung und bei Er\u00f6ffnung eines Kundenkontos<\/h2><\/div><\/div><\/div>\n\n<div class=\"e18-25 x-text\" >\n  Wir erheben personenbezogene Daten, wenn Sie uns diese im Rahmen Ihrer Bestellung, bei einer Kontaktaufnahme\nmit uns (z.B. per Kontaktformular oder E-Mail) oder bei Er\u00f6ffnung eines Kundenkontos freiwillig mitteilen. Pflichtfelder\nwerden als solche gekennzeichnet, da wir in diesen F\u00e4llen die Daten zwingend zur Vertragsabwicklung, bzw. zur\nBearbeitung Ihrer Kontaktaufnahme oder Er\u00f6ffnung des Kundenkontos ben\u00f6tigen und Sie ohne deren Angabe die\nBestellung und\/ oder die Kontoer\u00f6ffnung nicht abschlie\u00dfen, bzw. die Kontaktaufnahme nicht versenden k\u00f6nnen.\nWelche Daten erhoben werden, ist aus den jeweiligen Eingabeformularen ersichtlich. Wir verwenden die von ihnen mitgeteilten Daten gem\u00e4\u00df Art. 6 Abs. 1 S. 1 lit. b DSGVO zur Vertragsabwicklung und Bearbeitung Ihrer Anfragen.\nNach vollst\u00e4ndiger Abwicklung des Vertrages oder L\u00f6schung Ihres Kundenkontos werden Ihre Daten f\u00fcr die weitere\nVerarbeitung eingeschr\u00e4nkt und nach Ablauf der steuer- und handelsrechtlichen Aufbewahrungsfristen gel\u00f6scht,\nsofern Sie nicht ausdr\u00fccklich in eine weitere Nutzung Ihrer Daten eingewilligt haben oder wir uns eine dar\u00fcber\nhinausgehende Datenverwendung vorbehalten, die gesetzlich erlaubt ist und \u00fcber die wir Sie in dieser Erkl\u00e4rung\ninformieren. Die L\u00f6schung Ihres Kundenkontos ist jederzeit m\u00f6glich und kann entweder durch eine Nachricht an die\nunten beschriebene Kontaktm\u00f6glichkeit oder \u00fcber eine daf\u00fcr vorgesehene Funktion im Kundenkonto erfolgen.<\/div>\n\n<hr class=\"e18-26 x-line\" >\n<div class=\"e18-27 x-text x-text-headline\" >\n  <div class=\"x-text-content\"><div class=\"x-text-content-text\"><h2 class=\"x-text-content-text-primary\">3. Datenweitergabe<\/h2><\/div><\/div><\/div>\n\n<div class=\"e18-28 x-text\" >\n  Zur Vertragserf\u00fcllung gem\u00e4\u00df Art. 6 Abs. 1 S. 1 lit. b DSGVO geben wir Ihre Daten an das mit der Lieferung\nbeauftragte Versandunternehmen weiter, soweit dies zur Lieferung bestellter Waren erforderlich ist. Je nach dem,\nwelchen Zahlungsdienstleister Sie im Bestellprozess ausw\u00e4hlen, geben wir zur Abwicklung von Zahlungen die hierf\u00fcr\nerhobenen Zahlungsdaten an das mit der Zahlung beauftragte Kreditinstitut und ggf. von uns beauftragte\nZahlungsdienstleister weiter bzw. an den ausgew\u00e4hlten Zahlungsdienst. Zum Teil erheben die ausgew\u00e4hlten\nZahlungsdienstleister diese Daten auch selbst, soweit Sie dort ein Konto anlegen. In diesem Fall m\u00fcssen Sie sich im\nBestellprozess mit Ihren Zugangsdaten bei dem Zahlungsdienstleister anmelden. Es gilt insoweit die\nDatenschutzerkl\u00e4rung des jeweiligen Zahlungsdienstleisters.<\/div>\n\n<hr class=\"e18-29 x-line\" >\n<div class=\"e18-30 x-text x-text-headline\" >\n  <div class=\"x-text-content\"><div class=\"x-text-content-text\"><h2 class=\"x-text-content-text-primary\">4. E-Mail-Newsletter<\/h2><\/div><\/div><\/div>\n\n<hr class=\"e18-31 x-line\" >\n<div class=\"e18-32 x-text x-text-headline\" >\n  <div class=\"x-text-content\"><div class=\"x-text-content-text\"><h3 class=\"x-text-content-text-primary\">E-Mail-Werbung mit Anmeldung zum Newsletter<\/h3><\/div><\/div><\/div>\n\n<div class=\"e18-33 x-text\" >\n  Wenn Sie sich zu unserem Newsletter anmelden, verwenden wir die hierf\u00fcr erforderlichen oder gesondert von Ihnen\nmitgeteilten Daten, um Ihnen regelm\u00e4\u00dfig unseren E-Mail-Newsletter aufgrund Ihrer Einwilligung gem\u00e4\u00df Art. 6 Abs. 1\nS. 1 lit. a DSGVO zuzusenden.\nDie Abmeldung vom Newsletter ist jederzeit m\u00f6glich und kann entweder durch eine Nachricht an:  movecenter@younggo.de oder \u00fcber einen daf\u00fcr vorgesehenen Link im Newsletter erfolgen. Nach Abmeldung l\u00f6schen wir Ihre E-Mail-Adresse, soweit Sie nicht ausdr\u00fccklich in eine weitere Nutzung Ihrer Daten eingewilligt haben oder wir uns eine\ndar\u00fcber hinausgehende Datenverwendung vorbehalten, die gesetzlich erlaubt ist und \u00fcber die wir Sie in dieser\nErkl\u00e4rung informieren. Der Newsletter wird im Rahmen einer Verarbeitung in unserem Auftrag durch einen\nDienstleister versendet, an den wir Ihre E-Mail-Adresse hierzu weitergeben. Dieser Dienstleister sitzt innerhalb eines\nLandes der Europ\u00e4ischen Union oder des Europ\u00e4ischen Wirtschaftsraums.<\/div>\n\n<hr class=\"e18-34 x-line\" >\n<div class=\"e18-35 x-text x-text-headline\" >\n  <div class=\"x-text-content\"><div class=\"x-text-content-text\"><h2 class=\"x-text-content-text-primary\">5. Kontaktm\u00f6glichkeiten und Ihre Rechte<\/h2><\/div><\/div><\/div>\n\n<hr class=\"e18-36 x-line\" >\n<div class=\"e18-37 x-text x-text-headline\" >\n  <div class=\"x-text-content\"><div class=\"x-text-content-text\"><h2 class=\"x-text-content-text-primary\">Kontaktaufnahme<\/h2><\/div><\/div><\/div>\n\n<div class=\"e18-38 x-text\" >\n  <p>Bei der Kontaktaufnahme mit dem Anbieter (zum Beispiel per Kontaktformular oder E-Mail) werden die Angaben des Nutzers zwecks Bearbeitung der Anfrage sowie f\u00fcr den Fall, dass Anschlussfragen entstehen, gespeichert.<\/p><\/div>\n\n<hr class=\"e18-39 x-line\" >\n<div class=\"e18-40 x-text x-text-headline\" >\n  <div class=\"x-text-content\"><div class=\"x-text-content-text\"><h2 class=\"x-text-content-text-primary\">Widerruf, \u00c4nderungen, Berichtigungen und Aktualisierungen<\/h2><\/div><\/div><\/div>\n\n<hr class=\"e18-41 x-line\" >\n<div class=\"e18-42 x-text\" >\n  Soweit wir zur Wahrung unserer im Rahmen einer Interessensabw\u00e4gung \u00fcberwiegenden berechtigten Interessen\npersonenbezogene Daten wie oben erl\u00e4utert verarbeiten, k\u00f6nnen Sie dieser Verarbeitung mit Wirkung f\u00fcr die Zukunft\nwidersprechen. Erfolgt die Verarbeitung zu Zwecken des Direktmarketings, k\u00f6nnen Sie dieses Recht jederzeit wie\noben beschrieben aus\u00fcben. Soweit die Verarbeitung zu anderen Zwecken erfolgt, steht Ihnen ein Widerspruchsrecht\nnur bei Vorliegen von Gr\u00fcnden, die sich aus Ihrer besonderen Situation ergeben, zu.\nNach Aus\u00fcbung Ihres Widerspruchsrechts werden wir Ihre personenbezogenen Daten nicht weiter zu diesen\nZwecken verarbeiten, es sei denn, wir k\u00f6nnen zwingende schutzw\u00fcrdige Gr\u00fcnde f\u00fcr die Verarbeitung nachweisen, die\nIhre Interessen, Rechte und Freiheiten \u00fcberwiegen, oder wenn die Verarbeitung der Geltendmachung, Aus\u00fcbung oder\nVerteidigung von Rechtsanspr\u00fcchen dient.\nDies gilt nicht, wenn die Verarbeitung zu Zwecken des Direktmarketings erfolgt. Dann werden wir Ihre\npersonenbezogenen Daten nicht weiter zu diesem Zweck verarbeiten.<p>Der Nutzer hat das Recht, auf Antrag unentgeltlich Auskunft zu erhalten \u00fcber die personenbezogenen Daten, die \u00fcber ihn gespeichert wurden. Zus\u00e4tzlich hat der Nutzer das Recht auf Berichtigung unrichtiger Daten, Sperrung und L\u00f6schung seiner personenbezogenen Daten, soweit dem keine gesetzliche Aufbewahrungspflicht entgegensteht.<\/p><p><a href=\"https:\/\/datenschutz-generator.de\/\" target=\"_blank\" rel=\"noopener\">Datenschutz-Muster von Rechtsanwalt Thomas Schwenke \u2013 I LAW it<\/a><\/p><\/div>\n\n<div class=\"e18-43 x-text\" >\n  <p>Als Betroffener haben Sie folgende Rechte:<\/p>\n<ul>\n<li>gem&auml;&szlig; Art. 15 DSGVO das Recht, in dem dort bezeichneten Umfang Auskunft &uuml;ber Ihre von uns verarbeiteten<br \/>personenbezogenen Daten zu verlangen;<\/li>\n<li>gem&auml;&szlig; Art. 16 DSGVO das Recht, unverz&uuml;glich die Berichtigung unrichtiger oder Vervollst&auml;ndigung Ihrer bei uns gespeicherten<br \/>personenbezogenen Daten zu verlangen;<\/li>\n<\/ul>\n<p>YoungGo<br \/>Datenschutz nach DSGVO<\/p>\n<p>Rehamed GmbH<\/br>\nHans-Martin Maucher<\/br>\nKrankenhausstr.8\n<\/br>91301 Forchheim<\/p>\n<p>Tel: +49 9122 \/ 188 57 20<\/p>\n<p>vertreten durch:<br \/>Hans-Martin Maucher<\/p>\n<p><a href=\"https:\/\/movecenter.younggo.de\/schwabach\" target=\"_blank\" rel=\"noopener\">https:\/\/movecenter.younggo.de\/schwabach<\/a><br \/>movecenter-schwabach@younggo.de<\/p>\n<ul>\n<li>gem&auml;&szlig; Art. 17 DSGVO das Recht, die L&ouml;schung Ihrer bei uns gespeicherten personenbezogenen Daten zu verlangen, soweit<br \/>nicht die weitere Verarbeitung<br \/>- zur Aus&uuml;bung des Rechts auf freie Meinungs&auml;u&szlig;erung und Information;<br \/>- zur Erf&uuml;llung einer rechtlichen Verpflichtung;<br \/>- aus Gr&uuml;nden des &ouml;ffentlichen Interesses oder<br \/>- zur Geltendmachung, Aus&uuml;bung oder Verteidigung von Rechtsanspr&uuml;chen<br \/>erforderlich ist;<\/li>\n<li>gem&auml;&szlig; Art. 18 DSGVO das Recht, die Einschr&auml;nkung der Verarbeitung Ihrer personenbezogenen Daten zu verlangen, soweit<br \/>- die Richtigkeit der Daten von Ihnen bestritten wird;<br \/>- die Verarbeitung unrechtm&auml;&szlig;ig ist, Sie aber deren L&ouml;schung ablehnen;<br \/>- wir die Daten nicht mehr ben&ouml;tigen, Sie diese jedoch zur Geltendmachung, Aus&uuml;bung oder Verteidigung von<br \/>Rechtsanspr&uuml;chen ben&ouml;tigen oder<br \/>- Sie gem&auml;&szlig; Art. 21 DSGVO Widerspruch gegen die Verarbeitung eingelegt haben;<\/li>\n<li>gem&auml;&szlig; Art. 20 DSGVO das Recht, Ihre personenbezogenen Daten, die Sie uns bereitgestellt haben, in einem strukturierten,<br \/>g&auml;ngigen und maschinenlesebaren Format zu erhalten oder die &Uuml;bermittlung an einen anderen Verantwortlichen zu verlangen;<\/li>\n<li>gem&auml;&szlig; Art. 77 DSGVO das Recht, sich bei einer Aufsichtsbeh&ouml;rde zu beschweren. In der Regel k&ouml;nnen Sie sich hierf&uuml;r an die<br \/>Aufsichtsbeh&ouml;rde Ihres &uuml;blichen Aufenthaltsortes oder Arbeitsplatzes oder unseres Unternehmenssitzes wenden.<\/li>\n<\/ul>\n<p>Bei Fragen zur Erhebung, Verarbeitung oder Nutzung Ihrer personenbezogenen Daten, bei Ausk&uuml;nften, Berichtigung,<br \/>Sperrung oder L&ouml;schung von Daten sowie Widerruf erteilter Einwilligungen oder Widerspruch gegen eine bestimmte<br \/>Datenverwendung wenden Sie sich bitte direkt an uns &uuml;ber die Kontaktdaten in unserem Impressum.<\/p><\/div>\n<\/div>\n<\/div>\n  <\/div>\n<\/div>\n","protected":false},"excerpt":{"rendered":"","protected":false},"author":4,"featured_media":0,"parent":0,"menu_order":0,"comment_status":"closed","ping_status":"closed","template":"template-blank-8.php","meta":[],"yoast_head":"<!-- This site is optimized with the Yoast SEO plugin v16.1.1 - https:\/\/yoast.com\/wordpress\/plugins\/seo\/ -->\n<link rel=\"canonical\" href=\"https:\/\/move-center.younggo.de\/schwabach\/datenschutz\/\" \/>\n<meta property=\"og:locale\" content=\"de_DE\" \/>\n<meta property=\"og:type\" content=\"article\" \/>\n<meta property=\"og:title\" content=\"Datenschutz - Movecenter Schwabach\" \/>\n<meta property=\"og:url\" content=\"https:\/\/move-center.younggo.de\/schwabach\/datenschutz\/\" \/>\n<meta property=\"og:site_name\" content=\"Movecenter Schwabach\" \/>\n<meta property=\"article:modified_time\" content=\"2020-02-18T18:41:27+00:00\" \/>\n<meta name=\"twitter:card\" content=\"summary_large_image\" \/>\n<meta name=\"twitter:label1\" content=\"Gesch\u00e4tzte Lesezeit\">\n\t<meta name=\"twitter:data1\" content=\"1\u00a0Minute\">\n<script type=\"application\/ld+json\" class=\"yoast-schema-graph\">{\"@context\":\"https:\/\/schema.org\",\"@graph\":[{\"@type\":\"WebSite\",\"@id\":\"https:\/\/move-center.younggo.de\/schwabach\/#website\",\"url\":\"https:\/\/move-center.younggo.de\/schwabach\/\",\"name\":\"Movecenter Schwabach\",\"description\":\"Wir bewegen Dich!\",\"potentialAction\":[{\"@type\":\"SearchAction\",\"target\":\"https:\/\/move-center.younggo.de\/schwabach\/?s={search_term_string}\",\"query-input\":\"required name=search_term_string\"}],\"inLanguage\":\"de\"},{\"@type\":\"WebPage\",\"@id\":\"https:\/\/move-center.younggo.de\/schwabach\/datenschutz\/#webpage\",\"url\":\"https:\/\/move-center.younggo.de\/schwabach\/datenschutz\/\",\"name\":\"Datenschutz - Movecenter Schwabach\",\"isPartOf\":{\"@id\":\"https:\/\/move-center.younggo.de\/schwabach\/#website\"},\"datePublished\":\"2018-04-04T22:40:09+00:00\",\"dateModified\":\"2020-02-18T18:41:27+00:00\",\"breadcrumb\":{\"@id\":\"https:\/\/move-center.younggo.de\/schwabach\/datenschutz\/#breadcrumb\"},\"inLanguage\":\"de\",\"potentialAction\":[{\"@type\":\"ReadAction\",\"target\":[\"https:\/\/move-center.younggo.de\/schwabach\/datenschutz\/\"]}]},{\"@type\":\"BreadcrumbList\",\"@id\":\"https:\/\/move-center.younggo.de\/schwabach\/datenschutz\/#breadcrumb\",\"itemListElement\":[{\"@type\":\"ListItem\",\"position\":1,\"item\":{\"@type\":\"WebPage\",\"@id\":\"https:\/\/move-center.younggo.de\/schwabach\/\",\"url\":\"https:\/\/move-center.younggo.de\/schwabach\/\",\"name\":\"Startseite\"}},{\"@type\":\"ListItem\",\"position\":2,\"item\":{\"@type\":\"WebPage\",\"@id\":\"https:\/\/move-center.younggo.de\/schwabach\/datenschutz\/\",\"url\":\"https:\/\/move-center.younggo.de\/schwabach\/datenschutz\/\",\"name\":\"Datenschutz\"}}]}]}<\/script>\n<!-- \/ Yoast SEO plugin. -->","_links":{"self":[{"href":"https:\/\/move-center.younggo.de\/schwabach\/wp-json\/wp\/v2\/pages\/18"}],"collection":[{"href":"https:\/\/move-center.younggo.de\/schwabach\/wp-json\/wp\/v2\/pages"}],"about":[{"href":"https:\/\/move-center.younggo.de\/schwabach\/wp-json\/wp\/v2\/types\/page"}],"author":[{"embeddable":true,"href":"https:\/\/move-center.younggo.de\/schwabach\/wp-json\/wp\/v2\/users\/4"}],"replies":[{"embeddable":true,"href":"https:\/\/move-center.younggo.de\/schwabach\/wp-json\/wp\/v2\/comments?post=18"}],"version-history":[{"count":20,"href":"https:\/\/move-center.younggo.de\/schwabach\/wp-json\/wp\/v2\/pages\/18\/revisions"}],"predecessor-version":[{"id":414,"href":"https:\/\/move-center.younggo.de\/schwabach\/wp-json\/wp\/v2\/pages\/18\/revisions\/414"}],"wp:attachment":[{"href":"https:\/\/move-center.younggo.de\/schwabach\/wp-json\/wp\/v2\/media?parent=18"}],"curies":[{"name":"wp","href":"https:\/\/api.w.org\/{rel}","templated":true}]}}